{"id":185,"date":"2016-11-25T08:43:27","date_gmt":"2016-11-25T08:43:27","guid":{"rendered":"http:\/\/mzzprc.pl\/?page_id=185"},"modified":"2025-11-04T14:00:04","modified_gmt":"2025-11-04T14:00:04","slug":"swiadczenia-statutowe","status":"publish","type":"page","link":"http:\/\/mzzprc.pl\/?page_id=185","title":{"rendered":"\u015awiadczenia statutowe"},"content":{"rendered":"<p style=\"text-align: center;\"><strong><u>\u015awiadczenia Statutowe<\/u><\/strong><\/p>\n<p style=\"text-align: center;\"><strong>Mi\u0119dzyzak\u0142adowego Zwi\u0105zku Zawodowego Pracownik\u00f3w Ruchu Ci\u0105g\u0142ego <\/strong><\/p>\n<p style=\"text-align: center;\"><strong>w Grupie\u00a0 ORLEN\u00a0<\/strong><\/p>\n<p><strong>\u00a0<\/strong><\/p>\n<p><u>Jednorazowe \u015bwiadczenia statutowe z tytu\u0142u:<\/u><\/p>\n<p>\u25ba \u015amierci Cz\u0142onka Zwi\u0105zku \u2013 <strong>600,00 z\u0142<\/strong>,<\/p>\n<p>\u25ba \u015amierci cz\u0142onka rodziny Cz\u0142onka Zwi\u0105zku tj. ojca, matki, wsp\u00f3\u0142ma\u0142\u017conka, dziecka, te\u015bcia, te\u015bciowej \u2013\u00a0 \u00a0<strong>500,00 z\u0142<\/strong>,<\/p>\n<p>\u25ba Narodzin dziecka Cz\u0142onka Zwi\u0105zku \u2013 <strong>800,00 z\u0142<\/strong>.<\/p>\n<p>\u25ba Przej\u015bcie Cz\u0142onka Zwi\u0105zku na emerytur\u0119 lub rent\u0119 \u2013 <strong>500 z\u0142<\/strong> (nie dotyczy os\u00f3b odchodz\u0105cych na emerytur\u0119 w wyniku wszelkich program\u00f3w PDO i program\u00f3w restrukturyzacyjnych, w kt\u00f3rych pracownik otrzyma\u0142 z tego tytu\u0142u odpraw\u0119 pieni\u0119\u017cn\u0105).<\/p>\n<p>W\/w \u015bwiadczenia realizowane b\u0119d\u0105 po okazaniu odpowiednich dokument\u00f3w<\/p>\n<p><strong><u>w ci\u0105gu jednego miesi\u0105ca od dnia zaistnienia zdarzenia<\/u><\/strong><u>.<\/u><\/p>\n<p><strong>\u00bb<\/strong> W przypadku \u015bmierci Cz\u0142onka Zwi\u0105zku, uprawnion\u0105 do otrzymania \u015bwiadczenia jest osoba uzyskuj\u0105ca\u00a0 zasi\u0142ek pogrzebowy za zmar\u0142ego.<\/p>\n<p><strong>\u00bb<\/strong> Powy\u017csze \u015bwiadczenia przys\u0142uguj\u0105 Cz\u0142onkom Zwi\u0105zku w pe\u0142nym wymiarze przy sta\u017cu\u00a0 zwi\u0105zkowym powy\u017cej 12 miesi\u0119cy, przy sta\u017cu kr\u00f3tszym ni\u017c 12 miesi\u0119cy\u00a0 kwoty \u015bwiadcze\u0144 przys\u0142uguj\u0105 w wysoko\u015bci proporcjonalnej do ilo\u015bci pe\u0142nych miesi\u0119cy sta\u017cu zwi\u0105zkowego.<\/p>\n<p><strong>\u00bb<\/strong> W przypadku odebrania \u015bwiadczenia statutowego Cz\u0142onek Zwi\u0105zku deklaruje przynale\u017cno\u015b\u0107 zwi\u0105zkow\u0105 przez kolejne 12 miesi\u0119cy.<\/p>\n<p><strong>\u00bb<\/strong> \u015awiadczenia statutowe realizowane b\u0119d\u0105 w ci\u0105gu <strong>30 dni<\/strong> od zaistnienia danego zdarzenia,\u00a0\u00a0 po okazaniu odpowiednich, ni\u017cej wymienionych dokument\u00f3w:<\/p>\n<p><strong>&#8211;<\/strong> \u015bmier\u0107 ojca, matki \u2013 akt zgonu,<\/p>\n<p><strong>&#8211;<\/strong> \u015bmier\u0107 wsp\u00f3\u0142ma\u0142\u017conka oraz te\u015bcia, te\u015bciowej \u2013 akt zgonu i aktualny, nie starszy ni\u017c<strong> 1<\/strong> miesi\u0105c odpis aktu ma\u0142\u017ce\u0144stwa,<\/p>\n<p><strong>&#8211;<\/strong> \u015bmier\u0107 dziecka (do 25 roku \u017cycia) Cz\u0142onka Zwi\u0105zku \u2013\u00a0 akt zgonu.<\/p>\n<p><strong>&#8211;<\/strong> narodziny dziecka \u2013 akt urodzenia.<\/p>\n<p><strong><em>Zarz\u0105d <\/em><\/strong><\/p>\n<p><strong><em>MZZPRC w Grupie ORLEN\u00a0<\/em><\/strong><\/p>\n<ul>\n<li><strong> Powy\u017csze obowi\u0105zuje od dnia 1 stycznia 2015 r.<\/strong><\/li>\n<\/ul>\n<h3 style=\"text-align: center;\"><strong><span style=\"color: #0000ff;\">W tym miejscu mo\u017cna pobra\u0107 wniosek o wyp\u0142at\u0119 \u015bwiadczenia statutowego w formie <a href=\"http:\/\/mzzprc.pl\/wp-content\/uploads\/2025\/11\/Swiadczenie-statutowe.doc\" target=\"_blank\" rel=\"noopener\">pliku word <\/a>lub <a style=\"color: #0000ff;\" href=\"http:\/\/mzzprc.pl\/wp-content\/uploads\/2025\/11\/Swiadczenie-statutowe.pdf\" target=\"_blank\" rel=\"noopener noreferrer\">pliku pdf.<\/a> Wype\u0142nione wnioski we wszystkich punktach prosimy zeskanowa\u0107 i odes\u0142a\u0107 do biura .\u00a0<\/span><\/strong><\/h3>\n","protected":false},"excerpt":{"rendered":"<p>\u015awiadczenia Statutowe Mi\u0119dzyzak\u0142adowego Zwi\u0105zku Zawodowego Pracownik\u00f3w Ruchu Ci\u0105g\u0142ego w Grupie\u00a0 ORLEN\u00a0 \u00a0 Jednorazowe \u015bwiadczenia statutowe z tytu\u0142u: \u25ba \u015amierci Cz\u0142onka Zwi\u0105zku \u2013 600,00 z\u0142, \u25ba \u015amierci cz\u0142onka rodziny Cz\u0142onka Zwi\u0105zku tj. ojca, matki, wsp\u00f3\u0142ma\u0142\u017conka, dziecka, te\u015bcia, te\u015bciowej \u2013\u00a0 \u00a0500,00 z\u0142, \u25ba Narodzin dziecka Cz\u0142onka Zwi\u0105zku \u2013 800,00 z\u0142. \u25ba Przej\u015bcie Cz\u0142onka Zwi\u0105zku na emerytur\u0119 lub rent\u0119 \u2013 500 z\u0142 (nie dotyczy os\u00f3b odchodz\u0105cych na emerytur\u0119 w wyniku wszelkich program\u00f3w PDO i program\u00f3w restrukturyzacyjnych, w kt\u00f3rych pracownik otrzyma\u0142 z tego tytu\u0142u odpraw\u0119 pieni\u0119\u017cn\u0105). W\/w \u015bwiadczenia realizowane b\u0119d\u0105 po okazaniu odpowiednich dokument\u00f3w w ci\u0105gu jednego miesi\u0105ca od dnia zaistnienia zdarzenia. \u00bb W przypadku \u015bmierci Cz\u0142onka Zwi\u0105zku, uprawnion\u0105 do otrzymania \u015bwiadczenia jest osoba &hellip; <a href=\"http:\/\/mzzprc.pl\/?page_id=185\">Czytaj dalej <span class=\"meta-nav\">&rarr;<\/span><\/a><\/p>\n","protected":false},"author":1,"featured_media":0,"parent":42,"menu_order":0,"comment_status":"closed","ping_status":"closed","template":"","meta":{"footnotes":""},"class_list":["post-185","page","type-page","status-publish","hentry"],"_links":{"self":[{"href":"http:\/\/mzzprc.pl\/index.php?rest_route=\/wp\/v2\/pages\/185","targetHints":{"allow":["GET"]}}],"collection":[{"href":"http:\/\/mzzprc.pl\/index.php?rest_route=\/wp\/v2\/pages"}],"about":[{"href":"http:\/\/mzzprc.pl\/index.php?rest_route=\/wp\/v2\/types\/page"}],"author":[{"embeddable":true,"href":"http:\/\/mzzprc.pl\/index.php?rest_route=\/wp\/v2\/users\/1"}],"replies":[{"embeddable":true,"href":"http:\/\/mzzprc.pl\/index.php?rest_route=%2Fwp%2Fv2%2Fcomments&post=185"}],"version-history":[{"count":10,"href":"http:\/\/mzzprc.pl\/index.php?rest_route=\/wp\/v2\/pages\/185\/revisions"}],"predecessor-version":[{"id":1284,"href":"http:\/\/mzzprc.pl\/index.php?rest_route=\/wp\/v2\/pages\/185\/revisions\/1284"}],"up":[{"embeddable":true,"href":"http:\/\/mzzprc.pl\/index.php?rest_route=\/wp\/v2\/pages\/42"}],"wp:attachment":[{"href":"http:\/\/mzzprc.pl\/index.php?rest_route=%2Fwp%2Fv2%2Fmedia&parent=185"}],"curies":[{"name":"wp","href":"https:\/\/api.w.org\/{rel}","templated":true}]}}